{"id":9026,"date":"2024-10-04T12:08:02","date_gmt":"2024-10-04T10:08:02","guid":{"rendered":"https:\/\/www.ibid-radiologie.de\/cms\/service-info\/arzt-termin\/"},"modified":"2024-10-04T12:14:50","modified_gmt":"2024-10-04T10:14:50","slug":"arzt-termin","status":"publish","type":"page","link":"https:\/\/www.ibid-radiologie.de\/cms\/service-info\/arzt-termin\/","title":{"rendered":"Arzt-Termin"},"content":{"rendered":"<p>[et_pb_section fb_built=&#8220;1&#8243; disabled_on=&#8220;on|off|off&#8220; admin_label=&#8220;Sektion (NUR DESKTOP UND TABLET)&#8220; _builder_version=&#8220;4.19.5&#8243; _module_preset=&#8220;default&#8220; custom_margin=&#8220;||0px||false|false&#8220; custom_padding=&#8220;||10px||false|false&#8220; global_colors_info=&#8220;{}&#8220;][et_pb_row column_structure=&#8220;1_3,2_3&#8243; use_custom_gutter=&#8220;on&#8220; gutter_width=&#8220;1&#8243; admin_label=&#8220;Zeile (NUR DESKTOP UND TABLET)&#8220; _builder_version=&#8220;4.19.5&#8243; _module_preset=&#8220;default&#8220; global_colors_info=&#8220;{}&#8220;][et_pb_column type=&#8220;1_3&#8243; _builder_version=&#8220;4.19.5&#8243; _module_preset=&#8220;default&#8220; global_colors_info=&#8220;{}&#8220;][et_pb_text disabled_on=&#8220;off|off|off&#8220; admin_label=&#8220;Headline \/ H1 \/ H6&#8243; _builder_version=&#8220;4.21.0&#8243; text_font=&#8220;||||||||&#8220; link_font=&#8220;|700|||on||||&#8220; link_text_color=&#8220;#939393&#8243; header_font=&#8220;|600|||||||&#8220; header_text_color=&#8220;#00ae9f&#8220; header_font_size=&#8220;44px&#8220; header_line_height=&#8220;1.3em&#8220; header_2_font=&#8220;|600|||||||&#8220; header_2_text_color=&#8220;#00ae9f&#8220; header_2_font_size=&#8220;44px&#8220; header_2_line_height=&#8220;1.3em&#8220; header_6_font=&#8220;|600||on|||||&#8220; header_6_text_color=&#8220;#85c742&#8243; header_6_font_size=&#8220;16px&#8220; header_6_letter_spacing=&#8220;2px&#8220; header_6_line_height=&#8220;1.5em&#8220; module_alignment=&#8220;left&#8220; custom_margin=&#8220;||||false|false&#8220; custom_margin_tablet=&#8220;40px||10px||false|false&#8220; custom_margin_phone=&#8220;&#8220; custom_margin_last_edited=&#8220;on|phone&#8220; custom_padding=&#8220;||||false|false&#8220; custom_padding_tablet=&#8220;||||false|false&#8220; custom_padding_phone=&#8220;&#8220; custom_padding_last_edited=&#8220;on|tablet&#8220; header_font_size_tablet=&#8220;&#8220; header_font_size_phone=&#8220;28px&#8220; header_font_size_last_edited=&#8220;on|desktop&#8220; header_line_height_tablet=&#8220;&#8220; header_line_height_phone=&#8220;&#8220; header_line_height_last_edited=&#8220;on|desktop&#8220; header_2_font_size_tablet=&#8220;&#8220; header_2_font_size_phone=&#8220;28px&#8220; header_2_font_size_last_edited=&#8220;on|phone&#8220; locked=&#8220;off&#8220; global_colors_info=&#8220;{}&#8220; link_text_color__hover=&#8220;#00AE9F&#8220; link_text_color__hover_enabled=&#8220;on|hover&#8220;]<\/p>\n<h6>W\u00e4hlen Sie den Termin f\u00fcr ihre Patient*innen<\/h6>\n<h1>Service f\u00fcr zuweisende Praxen<\/h1>\n<p>[\/et_pb_text][et_pb_text disabled_on=&#8220;off|off|off&#8220; admin_label=&#8220;Text \/ Einleitung&#8220; _builder_version=&#8220;4.27.2&#8243; _module_preset=&#8220;default&#8220; text_font=&#8220;||||||||&#8220; link_font=&#8220;|700|||on||||&#8220; link_text_color=&#8220;#939393&#8243; header_font=&#8220;|600|||||||&#8220; header_text_color=&#8220;#00ae9f&#8220; header_font_size=&#8220;44px&#8220; header_line_height=&#8220;1.3em&#8220; header_2_font=&#8220;|600|||||||&#8220; header_2_text_color=&#8220;#00ae9f&#8220; header_2_font_size=&#8220;44px&#8220; header_2_line_height=&#8220;1.3em&#8220; header_6_font=&#8220;|600||on|||||&#8220; header_6_text_color=&#8220;#85c742&#8243; header_6_font_size=&#8220;16px&#8220; header_6_letter_spacing=&#8220;2px&#8220; header_6_line_height=&#8220;1.5em&#8220; module_alignment=&#8220;left&#8220; custom_margin=&#8220;||||false|false&#8220; custom_margin_tablet=&#8220;40px||10px||false|false&#8220; custom_margin_phone=&#8220;40px||10px||false|false&#8220; custom_margin_last_edited=&#8220;on|phone&#8220; custom_padding=&#8220;||||false|false&#8220; custom_padding_tablet=&#8220;||||false|false&#8220; custom_padding_phone=&#8220;||||false|false&#8220; custom_padding_last_edited=&#8220;on|tablet&#8220; header_font_size_tablet=&#8220;44px&#8220; header_font_size_phone=&#8220;28px&#8220; header_font_size_last_edited=&#8220;on|desktop&#8220; header_line_height_tablet=&#8220;1.3em&#8220; header_line_height_phone=&#8220;1.3em&#8220; header_line_height_last_edited=&#8220;on|desktop&#8220; header_2_font_size_tablet=&#8220;44px&#8220; header_2_font_size_phone=&#8220;28px&#8220; header_2_font_size_last_edited=&#8220;on|phone&#8220; global_colors_info=&#8220;{}&#8220; link_text_color__hover_enabled=&#8220;on|hover&#8220; link_text_color__hover=&#8220;#00AE9F&#8220;]<\/p>\n<p>Auf dieser Seite haben Sie die M\u00f6glichkeit, die Termine f\u00fcr Ihre Patientinnen und Patienten direkt auszuw\u00e4hlen und verbindlich zu buchen.<\/p>\n<p>Derzeit k\u00f6nnen wir diesen Service nur f\u00fcr <strong>ausgew\u00e4hlte Untersuchungen<\/strong> anbieten. <br \/>Sollten Sie eine <strong>andere Untersuchung<\/strong> ben\u00f6tigen, benutzen Sie bitte unser <a href=\"https:\/\/www.ibid-radiologie.de\/cms\/kontakt\/\"><strong>Standard-Formular f\u00fcr Patient*innen<\/strong><\/a> und klicken Sie auf &#8222;<em>Ich ben\u00f6tige eine andere Untersuchung<\/em>&#8222;.<\/p>\n<p>[\/et_pb_text][et_pb_button button_url=&#8220;https:\/\/www.ibid-radiologie.de\/cms\/kontakt\/&#8220; button_text=&#8220;ZUR STANDARD-TERMIN-ANFRAGE&#8220; disabled_on=&#8220;on|on|off&#8220; admin_label=&#8220;Button \/ zum Standard-Formular (NUR DESKTOP)&#8220; _builder_version=&#8220;4.27.2&#8243; custom_button=&#8220;on&#8220; button_text_size=&#8220;16px&#8220; button_text_color=&#8220;#ffffff&#8220; button_bg_color=&#8220;rgba(0,174,159,0.65)&#8220; button_border_width=&#8220;6px&#8220; button_border_color=&#8220;rgba(0,0,0,0)&#8220; button_border_radius=&#8220;100px&#8220; button_letter_spacing=&#8220;1px&#8220; button_font=&#8220;|700|||||||&#8220; button_icon=&#8220;&#x24;||divi||400&#8243; background_layout=&#8220;dark&#8220; custom_margin=&#8220;30px||30px||false|false&#8220; custom_margin_tablet=&#8220;40px||||false|false&#8220; custom_margin_phone=&#8220;||||false|false&#8220; custom_margin_last_edited=&#8220;off|desktop&#8220; custom_padding=&#8220;||||false|false&#8220; hover_enabled=&#8220;0&#8243; box_shadow_style=&#8220;preset3&#8243; button_border_radius_hover=&#8220;100px&#8220; button_bg_color_hover=&#8220;#ff6b86&#8243; locked=&#8220;off&#8220; global_colors_info=&#8220;{}&#8220; button_text_size__hover_enabled=&#8220;off&#8220; button_one_text_size__hover_enabled=&#8220;off&#8220; button_two_text_size__hover_enabled=&#8220;off&#8220; button_text_color__hover_enabled=&#8220;off&#8220; button_one_text_color__hover_enabled=&#8220;off&#8220; button_two_text_color__hover_enabled=&#8220;off&#8220; button_border_width__hover_enabled=&#8220;off&#8220; button_one_border_width__hover_enabled=&#8220;off&#8220; button_two_border_width__hover_enabled=&#8220;off&#8220; button_border_color__hover_enabled=&#8220;off&#8220; button_one_border_color__hover_enabled=&#8220;off&#8220; button_two_border_color__hover_enabled=&#8220;off&#8220; button_border_radius__hover_enabled=&#8220;on&#8220; button_border_radius__hover=&#8220;100px&#8220; button_one_border_radius__hover_enabled=&#8220;off&#8220; button_two_border_radius__hover_enabled=&#8220;off&#8220; button_letter_spacing__hover_enabled=&#8220;off&#8220; button_one_letter_spacing__hover_enabled=&#8220;off&#8220; button_two_letter_spacing__hover_enabled=&#8220;off&#8220; button_bg_color__hover_enabled=&#8220;on|hover&#8220; button_bg_color__hover=&#8220;#85c742&#8243; button_one_bg_color__hover_enabled=&#8220;off&#8220; button_two_bg_color__hover_enabled=&#8220;off&#8220; button_bg_enable_color__hover=&#8220;on&#8220; sticky_enabled=&#8220;0&#8243;][\/et_pb_button][\/et_pb_column][et_pb_column type=&#8220;2_3&#8243; _builder_version=&#8220;4.19.5&#8243; _module_preset=&#8220;default&#8220; global_colors_info=&#8220;{}&#8220;][et_pb_code admin_label=&#8220;Code \/ Medavis booking4med (Arzt)&#8220; _builder_version=&#8220;4.19.5&#8243; _module_preset=&#8220;default&#8220; global_module=&#8220;4106&#8243; saved_tabs=&#8220;all&#8220; global_colors_info=&#8220;{}&#8220;]<iframe loading=\"lazy\" src=\"https:\/\/connect.booking4med.de\/b4m-patient\/referrer\/searchStage?customerCodeMapping=71afab25691947d99ee2dbf459df25b6\" width=\"100%\"  height=\"650\" marginwidth=\"0\" marginheight=\"0\" scrolling=\"yes\" frameborder=\"0\" style=\"width: 100%; height: 650px;margin: 0;padding: 0; border: 0;overflow-x:hidden;overflow-y: scroll; max-width:100%;\"><!-- [et_pb_line_break_holder] --><!-- Your booking4med patient portal iframe was embedded at 2023-02-13T16:38:12.153, version is 5.18.4.3--><!-- [et_pb_line_break_holder] -->Your browser can not display embedded frames.Please use the following link to make an appointment:<!-- [et_pb_line_break_holder] --><a href=\"https:\/\/connect.booking4med.de\/b4m-patient\/referrer\/searchStage?customerCodeMapping=71afab25691947d99ee2dbf459df25b6\">Go to online appointment booking<\/a><!-- [et_pb_line_break_holder] --><\/iframe>[\/et_pb_code][\/et_pb_column][\/et_pb_row][\/et_pb_section][et_pb_section fb_built=&#8220;1&#8243; disabled_on=&#8220;off|on|on&#8220; admin_label=&#8220;Sektion (NUR PHONE)&#8220; _builder_version=&#8220;4.19.5&#8243; _module_preset=&#8220;default&#8220; custom_margin=&#8220;||0px||false|false&#8220; custom_padding=&#8220;||10px||false|false&#8220; global_colors_info=&#8220;{}&#8220;][et_pb_row admin_label=&#8220;Zeile (NUR PHONE)&#8220; _builder_version=&#8220;4.19.5&#8243; _module_preset=&#8220;default&#8220; width=&#8220;100%&#8220; max_width=&#8220;100%&#8220; global_colors_info=&#8220;{}&#8220;][et_pb_column type=&#8220;4_4&#8243; _builder_version=&#8220;4.19.5&#8243; _module_preset=&#8220;default&#8220; global_colors_info=&#8220;{}&#8220;][et_pb_code admin_label=&#8220;Code \/ Medavis booking4med (Arzt)&#8220; _builder_version=&#8220;4.19.5&#8243; _module_preset=&#8220;default&#8220; global_module=&#8220;4106&#8243; saved_tabs=&#8220;all&#8220; global_colors_info=&#8220;{}&#8220;]<iframe loading=\"lazy\" src=\"https:\/\/connect.booking4med.de\/b4m-patient\/referrer\/searchStage?customerCodeMapping=71afab25691947d99ee2dbf459df25b6\" width=\"100%\"  height=\"650\" marginwidth=\"0\" marginheight=\"0\" scrolling=\"yes\" frameborder=\"0\" style=\"width: 100%; height: 650px;margin: 0;padding: 0; border: 0;overflow-x:hidden;overflow-y: scroll; max-width:100%;\"><!-- [et_pb_line_break_holder] --><!-- Your booking4med patient portal iframe was embedded at 2023-02-13T16:38:12.153, version is 5.18.4.3--><!-- [et_pb_line_break_holder] -->Your browser can not display embedded frames.Please use the following link to make an appointment:<!-- [et_pb_line_break_holder] --><a href=\"https:\/\/connect.booking4med.de\/b4m-patient\/referrer\/searchStage?customerCodeMapping=71afab25691947d99ee2dbf459df25b6\">Go to online appointment booking<\/a><!-- [et_pb_line_break_holder] --><\/iframe>[\/et_pb_code][\/et_pb_column][\/et_pb_row][\/et_pb_section]<\/p>\n","protected":false},"excerpt":{"rendered":"<p>W\u00e4hlen Sie den Termin f\u00fcr ihre Patient*innen Service f\u00fcr zuweisende PraxenAuf dieser Seite haben Sie die M\u00f6glichkeit, die Termine f\u00fcr Ihre Patientinnen und Patienten direkt auszuw\u00e4hlen und verbindlich zu buchen. Derzeit k\u00f6nnen wir diesen Service nur f\u00fcr ausgew\u00e4hlte Untersuchungen anbieten. Sollten Sie eine andere Untersuchung ben\u00f6tigen, benutzen Sie bitte unser Standard-Formular f\u00fcr Patient*innen und klicken Sie auf &#8222;Ich ben\u00f6tige eine andere Untersuchung&#8220;.<\/p>\n","protected":false},"author":1,"featured_media":0,"parent":162,"menu_order":1,"comment_status":"closed","ping_status":"closed","template":"","meta":{"_seopress_robots_primary_cat":"","_seopress_titles_title":"","_seopress_titles_desc":"","_seopress_robots_index":"","_et_pb_use_builder":"on","_et_pb_old_content":"","_et_gb_content_width":"","footnotes":""},"class_list":["post-9026","page","type-page","status-publish","hentry"],"_links":{"self":[{"href":"https:\/\/www.ibid-radiologie.de\/cms\/wp-json\/wp\/v2\/pages\/9026","targetHints":{"allow":["GET"]}}],"collection":[{"href":"https:\/\/www.ibid-radiologie.de\/cms\/wp-json\/wp\/v2\/pages"}],"about":[{"href":"https:\/\/www.ibid-radiologie.de\/cms\/wp-json\/wp\/v2\/types\/page"}],"author":[{"embeddable":true,"href":"https:\/\/www.ibid-radiologie.de\/cms\/wp-json\/wp\/v2\/users\/1"}],"replies":[{"embeddable":true,"href":"https:\/\/www.ibid-radiologie.de\/cms\/wp-json\/wp\/v2\/comments?post=9026"}],"version-history":[{"count":0,"href":"https:\/\/www.ibid-radiologie.de\/cms\/wp-json\/wp\/v2\/pages\/9026\/revisions"}],"up":[{"embeddable":true,"href":"https:\/\/www.ibid-radiologie.de\/cms\/wp-json\/wp\/v2\/pages\/162"}],"wp:attachment":[{"href":"https:\/\/www.ibid-radiologie.de\/cms\/wp-json\/wp\/v2\/media?parent=9026"}],"curies":[{"name":"wp","href":"https:\/\/api.w.org\/{rel}","templated":true}]}}