{"id":822,"date":"2020-06-16T17:50:24","date_gmt":"2020-06-16T15:50:24","guid":{"rendered":"https:\/\/www.ibid-radiologie.de\/cms\/?page_id=822"},"modified":"2026-02-25T08:41:05","modified_gmt":"2026-02-25T07:41:05","slug":"interventionen","status":"publish","type":"page","link":"https:\/\/www.ibid-radiologie.de\/cms\/bildgebende-untersuchungen\/interventionen\/","title":{"rendered":"Interventionen"},"content":{"rendered":"<p>[et_pb_section fb_built=&#8220;1&#8243; custom_padding_last_edited=&#8220;on|tablet&#8220; admin_label=&#8220;Live Chat&#8220; _builder_version=&#8220;4.16&#8243; use_background_color_gradient=&#8220;on&#8220; background_color_gradient_type=&#8220;circular&#8220; background_color_gradient_direction_radial=&#8220;top left&#8220; background_color_gradient_stops=&#8220;rgba(237,239,250,0) 20%|rgba(255,255,255,0.67) 80%&#8220; background_color_gradient_overlays_image=&#8220;on&#8220; background_color_gradient_start=&#8220;rgba(237,239,250,0)&#8220; background_color_gradient_start_position=&#8220;20%&#8220; background_color_gradient_end=&#8220;rgba(255,255,255,0.67)&#8220; background_color_gradient_end_position=&#8220;80%&#8220; background_image=&#8220;https:\/\/www.ibid-radiologie.de\/cms\/wp-content\/uploads\/2020\/07\/iStock-1165979787-Seniorin-Pflegerin-1920&#215;920-1.jpg&#8220; module_alignment=&#8220;right&#8220; height_tablet=&#8220;&#8220; height_phone=&#8220;300px&#8220; height_last_edited=&#8220;on|phone&#8220; custom_margin=&#8220;|||&#8220; custom_margin_tablet=&#8220;|0%||0%&#8220; custom_margin_last_edited=&#8220;off|desktop&#8220; custom_padding=&#8220;0px|0px|0|0px|false|false&#8220; custom_padding_tablet=&#8220;|||&#8220; custom_padding_phone=&#8220;&#8220; top_divider_arrangement=&#8220;above_content&#8220; top_divider_height_tablet=&#8220;90px&#8220; top_divider_height_phone=&#8220;90px&#8220; bottom_divider_color=&#8220;#ffffff&#8220; bottom_divider_height=&#8220;100%&#8220; bottom_divider_repeat=&#8220;0.6x&#8220; bottom_divider_flip=&#8220;horizontal&#8220; bottom_divider_arrangement=&#8220;above_content&#8220; bottom_divider_height_tablet=&#8220;90px&#8220; bottom_divider_height_phone=&#8220;90px&#8220; bottom_divider_height_last_edited=&#8220;on|phone&#8220; background_last_edited=&#8220;on|phone&#8220; background_size_tablet=&#8220;cover&#8220; background_size_phone=&#8220;cover&#8220; background_position_tablet=&#8220;center_left&#8220; background_position_phone=&#8220;center_right&#8220; border_color_bottom=&#8220;#d6d6d6&#8243; border_width_bottom_tablet=&#8220;&#8220; border_width_bottom_phone=&#8220;&#8220; border_width_bottom_last_edited=&#8220;on|desktop&#8220; locked=&#8220;off&#8220; global_colors_info=&#8220;{}&#8220;][et_pb_row column_structure=&#8220;1_2,1_2&#8243; make_equal=&#8220;on&#8220; custom_padding_last_edited=&#8220;on|tablet&#8220; _builder_version=&#8220;4.16&#8243; width=&#8220;100%&#8220; max_width=&#8220;100%&#8220; height=&#8220;550px&#8220; height_tablet=&#8220;&#8220; height_phone=&#8220;&#8220; height_last_edited=&#8220;on|phone&#8220; custom_margin=&#8220;|||0%|false|false&#8220; custom_margin_tablet=&#8220;|||&#8220; custom_margin_phone=&#8220;&#8220; custom_margin_last_edited=&#8220;on|tablet&#8220; custom_padding=&#8220;0|20%|0|0px|false|false&#8220; custom_padding_tablet=&#8220;|0%||&#8220; custom_padding_phone=&#8220;&#8220; use_custom_width=&#8220;on&#8220; width_unit=&#8220;off&#8220; custom_width_percent=&#8220;100%&#8220; global_colors_info=&#8220;{}&#8220;][et_pb_column type=&#8220;1_2&#8243; _builder_version=&#8220;4.16&#8243; custom_padding=&#8220;|||&#8220; custom_padding_tablet=&#8220;&#8220; custom_padding_phone=&#8220;||||false|false&#8220; custom_padding_last_edited=&#8220;on|phone&#8220; global_colors_info=&#8220;{}&#8220; custom_padding__hover=&#8220;|||&#8220;][et_pb_divider show_divider=&#8220;off&#8220; _builder_version=&#8220;4.16&#8243; height=&#8220;300px&#8220; global_colors_info=&#8220;{}&#8220;][\/et_pb_divider][\/et_pb_column][et_pb_column type=&#8220;1_2&#8243; _builder_version=&#8220;4.16&#8243; custom_padding=&#8220;150px||10%|50px|false|false&#8220; custom_padding_tablet=&#8220;0px|10%|0%|10%|false|false&#8220; custom_padding_phone=&#8220;0px||||false|false&#8220; custom_padding_last_edited=&#8220;on|desktop&#8220; border_color_bottom=&#8220;#96d8d0&#8243; border_width_bottom_tablet=&#8220;1px&#8220; border_width_bottom_phone=&#8220;&#8220; border_width_bottom_last_edited=&#8220;on|tablet&#8220; border_color_bottom_tablet=&#8220;#d6d6d6&#8243; border_color_bottom_phone=&#8220;#d6d6d6&#8243; border_color_bottom_last_edited=&#8220;on|desktop&#8220; global_colors_info=&#8220;{}&#8220; padding_tablet=&#8220;|10%||10%&#8220; padding_last_edited=&#8220;on|desktop&#8220; custom_padding__hover=&#8220;|||&#8220; padding_phone=&#8220;|10%||10%&#8220;][\/et_pb_column][\/et_pb_row][\/et_pb_section][et_pb_section fb_built=&#8220;1&#8243; _builder_version=&#8220;4.16&#8243; custom_margin_tablet=&#8220;||||false|false&#8220; custom_margin_phone=&#8220;&#8220; custom_margin_last_edited=&#8220;on|phone&#8220; custom_padding=&#8220;||||false|false&#8220; global_colors_info=&#8220;{}&#8220;][et_pb_row column_structure=&#8220;2_5,3_5&#8243; _builder_version=&#8220;4.16&#8243; custom_margin_tablet=&#8220;||||false|false&#8220; custom_margin_phone=&#8220;&#8220; custom_margin_last_edited=&#8220;on|phone&#8220; custom_padding=&#8220;||||false|false&#8220; global_colors_info=&#8220;{}&#8220;][et_pb_column type=&#8220;2_5&#8243; _builder_version=&#8220;4.16&#8243; global_colors_info=&#8220;{}&#8220;][et_pb_text content_tablet=&#8220;<\/p>\n<h6 style=%22text-align: left;%22>Leistungsspektrum<\/h6>\n<h2 style=%22text-align: left;%22>Interventionen<\/h2>\n<p>&#8220; content_phone=&#8220;<\/p>\n<h6 style=%22text-align: left;%22>Leistungsspektrum<\/h6>\n<h2 style=%22text-align: left;%22>Interventionen<\/h2>\n<p>&#8220; content_last_edited=&#8220;on|desktop&#8220; admin_label=&#8220;Text \/ CT Computer-tomographie&#8220; _builder_version=&#8220;4.16&#8243; text_font=&#8220;||||||||&#8220; text_line_height=&#8220;1.8em&#8220; link_font=&#8220;Montserrat|700|||||||&#8220; link_text_color=&#8220;#fa546d&#8220; link_font_size=&#8220;22px&#8220; link_line_height=&#8220;1.5em&#8220; header_font=&#8220;|600|||||||&#8220; header_text_color=&#8220;#00ae9f&#8220; header_font_size=&#8220;44px&#8220; header_line_height=&#8220;1.4em&#8220; header_2_font=&#8220;|600|||||||&#8220; header_2_text_color=&#8220;#00ae9f&#8220; header_2_font_size=&#8220;44px&#8220; header_2_line_height=&#8220;1.4em&#8220; header_6_font=&#8220;|600||on|||||&#8220; header_6_text_color=&#8220;#85c742&#8243; header_6_font_size=&#8220;16px&#8220; header_6_letter_spacing=&#8220;2px&#8220; header_6_line_height=&#8220;1.5em&#8220; max_width_last_edited=&#8220;off|desktop&#8220; module_alignment=&#8220;left&#8220; custom_margin=&#8220;||||false|false&#8220; custom_margin_tablet=&#8220;&#8220; custom_margin_phone=&#8220;&#8220; custom_margin_last_edited=&#8220;on|phone&#8220; custom_padding=&#8220;0px||||false|false&#8220; header_font_size_tablet=&#8220;&#8220; header_font_size_phone=&#8220;28px&#8220; header_font_size_last_edited=&#8220;on|phone&#8220; header_2_font_size_tablet=&#8220;&#8220; header_2_font_size_phone=&#8220;28px&#8220; header_2_font_size_last_edited=&#8220;on|phone&#8220; global_colors_info=&#8220;{}&#8220;]<\/p>\n<h6 style=\"text-align: left;\">Leistungsspektrum<\/h6>\n<h1 style=\"text-align: left;\">Interventionen<\/h1>\n<p>[\/et_pb_text][et_pb_button button_url=&#8220;@ET-DC@eyJkeW5hbWljIjp0cnVlLCJjb250ZW50IjoicG9zdF9saW5rX3VybF9wYWdlIiwic2V0dGluZ3MiOnsicG9zdF9pZCI6IjE0NzY5In19@&#8220; button_text=&#8220;ZUR TERMIN-ANFRAGE&#8220; _builder_version=&#8220;4.27.5&#8243; _dynamic_attributes=&#8220;button_url&#8220; custom_button=&#8220;on&#8220; button_text_size=&#8220;16px&#8220; button_text_color=&#8220;#ffffff&#8220; button_bg_color=&#8220;rgba(0,174,159,0.65)&#8220; button_border_width=&#8220;6px&#8220; button_border_color=&#8220;rgba(0,0,0,0)&#8220; button_border_radius=&#8220;100px&#8220; button_letter_spacing=&#8220;1px&#8220; button_font=&#8220;|700|||||||&#8220; button_icon=&#8220;&#x24;||divi||400&#8243; background_layout=&#8220;dark&#8220; custom_margin_tablet=&#8220;&#8220; custom_margin_phone=&#8220;||||false|false&#8220; custom_margin_last_edited=&#8220;on|phone&#8220; custom_padding=&#8220;||||false|false&#8220; box_shadow_style=&#8220;preset3&#8243; button_border_radius_hover=&#8220;100px&#8220; button_bg_color_hover=&#8220;#ff6b86&#8243; global_colors_info=&#8220;{}&#8220; button_text_size__hover_enabled=&#8220;off&#8220; button_one_text_size__hover_enabled=&#8220;off&#8220; button_two_text_size__hover_enabled=&#8220;off&#8220; button_text_color__hover_enabled=&#8220;off&#8220; button_one_text_color__hover_enabled=&#8220;off&#8220; button_two_text_color__hover_enabled=&#8220;off&#8220; button_border_width__hover_enabled=&#8220;off&#8220; button_one_border_width__hover_enabled=&#8220;off&#8220; button_two_border_width__hover_enabled=&#8220;off&#8220; button_border_color__hover_enabled=&#8220;off&#8220; button_one_border_color__hover_enabled=&#8220;off&#8220; button_two_border_color__hover_enabled=&#8220;off&#8220; button_border_radius__hover_enabled=&#8220;on&#8220; button_border_radius__hover=&#8220;100px&#8220; button_one_border_radius__hover_enabled=&#8220;off&#8220; button_two_border_radius__hover_enabled=&#8220;off&#8220; button_letter_spacing__hover_enabled=&#8220;off&#8220; button_one_letter_spacing__hover_enabled=&#8220;off&#8220; button_two_letter_spacing__hover_enabled=&#8220;off&#8220; button_bg_color__hover_enabled=&#8220;on|hover&#8220; button_bg_color__hover=&#8220;#85c742&#8243; button_one_bg_color__hover_enabled=&#8220;off&#8220; button_two_bg_color__hover_enabled=&#8220;off&#8220; button_bg_enable_color__hover=&#8220;on&#8220;][\/et_pb_button][et_pb_text _builder_version=&#8220;4.16&#8243; text_font=&#8220;||||||||&#8220; text_line_height=&#8220;1.6em&#8220; link_font=&#8220;Montserrat|700|||||||&#8220; link_text_color=&#8220;#fa546d&#8220; link_font_size=&#8220;22px&#8220; link_line_height=&#8220;1.5em&#8220; header_font=&#8220;||||||||&#8220; header_text_color=&#8220;#00ae9f&#8220; header_2_font=&#8220;|600|||||||&#8220; header_2_text_color=&#8220;#00ae9f&#8220; header_2_font_size=&#8220;44px&#8220; header_2_line_height=&#8220;1.4em&#8220; header_6_font=&#8220;|600||on|||||&#8220; header_6_text_color=&#8220;#85c742&#8243; header_6_font_size=&#8220;16px&#8220; header_6_letter_spacing=&#8220;2px&#8220; header_6_line_height=&#8220;1.5em&#8220; max_width_last_edited=&#8220;off|desktop&#8220; module_alignment=&#8220;left&#8220; custom_margin=&#8220;||||false|false&#8220; custom_padding=&#8220;30px||||false|false&#8220; custom_padding_tablet=&#8220;&#8220; custom_padding_phone=&#8220;&#8220; custom_padding_last_edited=&#8220;on|tablet&#8220; header_2_font_size_tablet=&#8220;&#8220; header_2_font_size_phone=&#8220;28px&#8220; header_2_font_size_last_edited=&#8220;on|phone&#8220; global_colors_info=&#8220;{}&#8220;][\/et_pb_text][\/et_pb_column][et_pb_column type=&#8220;3_5&#8243; _builder_version=&#8220;4.16&#8243; custom_padding_tablet=&#8220;||||false|false&#8220; custom_padding_phone=&#8220;&#8220; custom_padding_last_edited=&#8220;on|tablet&#8220; global_colors_info=&#8220;{}&#8220;][et_pb_text _builder_version=&#8220;4.26.0&#8243; text_font=&#8220;||||||||&#8220; link_font=&#8220;Montserrat|700|||||||&#8220; link_text_color=&#8220;#fa546d&#8220; link_font_size=&#8220;22px&#8220; link_line_height=&#8220;1.5em&#8220; header_font=&#8220;||||||||&#8220; header_text_color=&#8220;#00ae9f&#8220; header_2_font=&#8220;||||||||&#8220; header_2_text_color=&#8220;#00ae9f&#8220; header_2_font_size=&#8220;20px&#8220; header_2_line_height=&#8220;1.3em&#8220; header_4_font=&#8220;||||||||&#8220; header_4_text_color=&#8220;#00ae9f&#8220; header_4_line_height=&#8220;1.3em&#8220; header_6_font=&#8220;|600||on|||||&#8220; header_6_text_color=&#8220;#85c742&#8243; header_6_font_size=&#8220;16px&#8220; header_6_letter_spacing=&#8220;2px&#8220; header_6_line_height=&#8220;1.5em&#8220; module_alignment=&#8220;left&#8220; custom_margin=&#8220;||||false|false&#8220; custom_padding=&#8220;||||false|false&#8220; header_2_font_size_tablet=&#8220;&#8220; header_2_font_size_phone=&#8220;&#8220; header_2_font_size_last_edited=&#8220;on|phone&#8220; header_4_font_tablet=&#8220;||||||||&#8220; header_4_font_phone=&#8220;|600|||||||&#8220; header_4_font_last_edited=&#8220;on|tablet&#8220; header_4_font_size_tablet=&#8220;&#8220; header_4_font_size_phone=&#8220;18px&#8220; header_4_font_size_last_edited=&#8220;on|phone&#8220; header_4_line_height_tablet=&#8220;&#8220; header_4_line_height_phone=&#8220;1.3em&#8220; header_4_line_height_last_edited=&#8220;on|desktop&#8220; global_colors_info=&#8220;{}&#8220;]<\/p>\n<h2>CT-Interventionen:<\/h2>\n<p>In vielen F\u00e4llen insbesondere in der onkologischen Diagnostik ist eine histologisch gesicherte Diagnose f\u00fcr die weitere Therapieplanung unerl\u00e4\u00dflich. Das hei\u00dft es mu\u00df eine Gewebeprobe aus einer repr\u00e4sentativen pathologischen Ver\u00e4nderung (z.B. in der Leber oder einem Skelettanteil) entnommen werden.<\/p>\n<h2>CT-gesteuerte Biopsie (Gewebentnahme)<\/h2>\n<p>Wir f\u00fchren derartige Punktionen mit CT-gesteuerter Positionierung der Biopsienadel schonend und mit zuverl\u00e4ssigen Ergebnissen durch. Die Auswertung erfolgt dann durch den Pathologen. Manchmal sind diese Punktionen auch ambulant m\u00f6glich. Fast immer reicht eine lokale Bet\u00e4ubung.<\/p>\n<h2>CT-gesteuerte Drainage (Ableitung von Fl\u00fcssigkeiten)<\/h2>\n<p>In gleicher Weise k\u00f6nnen auch CT-gesteuerte Drainagepunktionen ausgef\u00fchrt werden, z.B. zur Entlastung eines Abszesses im Bauchraum. Die Punktion hat dann einen direkten therapeutischen Effekt. Derartige Punktionen finden im Rahmen einer station\u00e4ren Behandlung statt.<\/p>\n<p>[\/et_pb_text][et_pb_text disabled_on=&#8220;on|on|on&#8220; _builder_version=&#8220;4.16&#8243; text_font=&#8220;||||||||&#8220; link_font=&#8220;Montserrat|700|||||||&#8220; link_text_color=&#8220;#fa546d&#8220; link_font_size=&#8220;22px&#8220; link_line_height=&#8220;1.5em&#8220; header_font=&#8220;||||||||&#8220; header_text_color=&#8220;#00ae9f&#8220; header_2_font=&#8220;|600|||||||&#8220; header_2_text_color=&#8220;#00ae9f&#8220; header_2_font_size=&#8220;44px&#8220; header_2_line_height=&#8220;1.4em&#8220; header_4_font=&#8220;|600||||on|||&#8220; header_4_text_color=&#8220;#85c742&#8243; header_6_font=&#8220;|600||on|||||&#8220; header_6_text_color=&#8220;#85c742&#8243; header_6_font_size=&#8220;16px&#8220; header_6_letter_spacing=&#8220;2px&#8220; header_6_line_height=&#8220;1.5em&#8220; max_width_last_edited=&#8220;off|desktop&#8220; module_alignment=&#8220;left&#8220; custom_margin=&#8220;||||false|false&#8220; custom_padding=&#8220;||||false|false&#8220; header_2_font_size_tablet=&#8220;&#8220; header_2_font_size_phone=&#8220;28px&#8220; header_2_font_size_last_edited=&#8220;on|phone&#8220; disabled=&#8220;on&#8220; global_colors_info=&#8220;{}&#8220;]<\/p>\n<p>&nbsp;<\/p>\n<h4>Invasive Mammadiagnostik:<\/h4>\n<p><span style=\"color: #008080;\">Wir unterscheiden hier zwischen diagnostischen Punktionen zur Diagnosesicherung und pr\u00e4operativen Markierungen eines Befundes.<\/span><\/p>\n<p>Auch in der Mammadiagnostik ist die histologische Diagnosesicherung zur Optimierung der weiteren Therapie oft notwendig. Diese kann entweder sonographisch assistiert durchgef\u00fchrt werden oder sie erfolgt mammographisch gest\u00fctzt mit Hilfe einer stereotaktischen Biopsieeinheit oder als <strong>3-D-Tomobiopsie.<\/strong><\/p>\n<p><span style=\"color: #ff0000;\">Die technische Ausstattung des IBID mit dem \u201estate of the art\u201c Mammographieger\u00e4t der Firma Siemens (Mammomat Revelation\/Inspiration) beinhaltet die genannten Biopsie-Optionen und gew\u00e4hrleistet h\u00f6chste diagnostische Pr\u00e4zision bei minimaler Invasivit\u00e4t.<\/span><\/p>\n<p>Wenn ein Herdbefund zur operativen Entfernung ansteht, versetzt eine pr\u00e4operative Markierung des Befundes den Operateur in die Lage, den Befund zielgenau zu entfernen und dabei gesundes Gewebe zu schonen und zu belassen. Hierzu wird ein spezieller Draht so nah wie m\u00f6glich an den Zielbefund herangef\u00fchrt. Die bildgebende Kontrolle der Positionierung des Drahtes erfolgt entweder sonographisch oder mittels mammographischer Aufnahmen.<\/p>\n<p>Der Operateur steht in direkter Verbindung zum Radiologen, von dem entfernten Resektat wird eine mammographische Aufnahme (Pr\u00e4parateradiogramm) angefertigt, auf der der Radiologe erkennt, ob der Zielbefund vollst\u00e4ndig entfernt wurde. Der Operateur wird umgehend informiert und kann die Operation dann zu Ende f\u00fchren.<\/p>\n<p>[\/et_pb_text][\/et_pb_column][\/et_pb_row][\/et_pb_section]<\/p>\n","protected":false},"excerpt":{"rendered":"<p>Leistungsspektrum InterventionenCT-Interventionen: In vielen F\u00e4llen insbesondere in der onkologischen Diagnostik ist eine histologisch gesicherte Diagnose f\u00fcr die weitere Therapieplanung unerl\u00e4\u00dflich. Das hei\u00dft es mu\u00df eine Gewebeprobe aus einer repr\u00e4sentativen pathologischen Ver\u00e4nderung (z.B. in der Leber oder einem Skelettanteil) entnommen werden. CT-gesteuerte Biopsie (Gewebentnahme) Wir f\u00fchren derartige Punktionen mit CT-gesteuerter Positionierung der Biopsienadel schonend und mit zuverl\u00e4ssigen Ergebnissen durch. Die Auswertung erfolgt dann durch den Pathologen. Manchmal sind diese Punktionen auch ambulant m\u00f6glich. Fast immer reicht eine lokale Bet\u00e4ubung. CT-gesteuerte Drainage (Ableitung von Fl\u00fcssigkeiten) In gleicher Weise k\u00f6nnen auch CT-gesteuerte Drainagepunktionen ausgef\u00fchrt werden, z.B. zur Entlastung eines Abszesses im Bauchraum. Die Punktion hat dann einen direkten therapeutischen Effekt. Derartige Punktionen finden im Rahmen einer station\u00e4ren Behandlung statt.&nbsp; Invasive Mammadiagnostik: Wir unterscheiden hier zwischen diagnostischen Punktionen zur Diagnosesicherung und pr\u00e4operativen Markierungen eines Befundes. Auch in der Mammadiagnostik ist die histologische Diagnosesicherung zur Optimierung der weiteren Therapie oft notwendig. Diese kann entweder sonographisch assistiert durchgef\u00fchrt werden oder sie erfolgt mammographisch gest\u00fctzt mit Hilfe einer stereotaktischen Biopsieeinheit oder als 3-D-Tomobiopsie. Die technische Ausstattung des IBID mit dem \u201estate of the art\u201c Mammographieger\u00e4t der Firma Siemens (Mammomat Revelation\/Inspiration) beinhaltet die genannten Biopsie-Optionen und gew\u00e4hrleistet h\u00f6chste diagnostische Pr\u00e4zision bei minimaler Invasivit\u00e4t. Wenn ein Herdbefund zur operativen [&hellip;]<\/p>\n","protected":false},"author":2,"featured_media":0,"parent":160,"menu_order":12,"comment_status":"closed","ping_status":"closed","template":"","meta":{"_seopress_robots_primary_cat":"","_seopress_titles_title":"","_seopress_titles_desc":"","_seopress_robots_index":"","_seopress_analysis_target_kw":"","_et_pb_use_builder":"on","_et_pb_old_content":"","_et_gb_content_width":"","footnotes":""},"class_list":["post-822","page","type-page","status-publish","hentry"],"_links":{"self":[{"href":"https:\/\/www.ibid-radiologie.de\/cms\/wp-json\/wp\/v2\/pages\/822","targetHints":{"allow":["GET"]}}],"collection":[{"href":"https:\/\/www.ibid-radiologie.de\/cms\/wp-json\/wp\/v2\/pages"}],"about":[{"href":"https:\/\/www.ibid-radiologie.de\/cms\/wp-json\/wp\/v2\/types\/page"}],"author":[{"embeddable":true,"href":"https:\/\/www.ibid-radiologie.de\/cms\/wp-json\/wp\/v2\/users\/2"}],"replies":[{"embeddable":true,"href":"https:\/\/www.ibid-radiologie.de\/cms\/wp-json\/wp\/v2\/comments?post=822"}],"version-history":[{"count":3,"href":"https:\/\/www.ibid-radiologie.de\/cms\/wp-json\/wp\/v2\/pages\/822\/revisions"}],"predecessor-version":[{"id":14808,"href":"https:\/\/www.ibid-radiologie.de\/cms\/wp-json\/wp\/v2\/pages\/822\/revisions\/14808"}],"up":[{"embeddable":true,"href":"https:\/\/www.ibid-radiologie.de\/cms\/wp-json\/wp\/v2\/pages\/160"}],"wp:attachment":[{"href":"https:\/\/www.ibid-radiologie.de\/cms\/wp-json\/wp\/v2\/media?parent=822"}],"curies":[{"name":"wp","href":"https:\/\/api.w.org\/{rel}","templated":true}]}}