{"id":4100,"date":"2023-02-10T09:45:34","date_gmt":"2023-02-10T08:45:34","guid":{"rendered":"https:\/\/www.ibid-radiologie.de\/cms\/?page_id=4100"},"modified":"2024-10-04T12:23:16","modified_gmt":"2024-10-04T10:23:16","slug":"arzt-service","status":"publish","type":"page","link":"https:\/\/www.ibid-radiologie.de\/cms\/service-info\/arzt-service\/","title":{"rendered":"Arzt-Service"},"content":{"rendered":"<p>[et_pb_section fb_built=&#8220;1&#8243; use_custom_gutter=&#8220;on&#8220; gutter_width=&#8220;1&#8243; specialty=&#8220;on&#8220; _builder_version=&#8220;4.19.5&#8243; _module_preset=&#8220;default&#8220; global_colors_info=&#8220;{}&#8220;][et_pb_column type=&#8220;1_3&#8243; _builder_version=&#8220;4.16&#8243; custom_padding=&#8220;|||&#8220; global_colors_info=&#8220;{}&#8220; custom_padding__hover=&#8220;|||&#8220;][et_pb_text disabled_on=&#8220;off|off|off&#8220; admin_label=&#8220;Text \/ Intro Bereichsleitung&#8220; _builder_version=&#8220;4.19.5&#8243; _module_preset=&#8220;default&#8220; text_font=&#8220;||||||||&#8220; link_font=&#8220;|700|||on||||&#8220; link_text_color=&#8220;#939393&#8243; header_font=&#8220;|600|||||||&#8220; header_text_color=&#8220;#00ae9f&#8220; header_font_size=&#8220;44px&#8220; header_line_height=&#8220;1.3em&#8220; header_2_font=&#8220;|600|||||||&#8220; header_2_text_color=&#8220;#00ae9f&#8220; header_2_font_size=&#8220;44px&#8220; header_2_line_height=&#8220;1.3em&#8220; header_6_font=&#8220;|600||on|||||&#8220; header_6_text_color=&#8220;#85c742&#8243; header_6_font_size=&#8220;16px&#8220; header_6_letter_spacing=&#8220;2px&#8220; header_6_line_height=&#8220;1.5em&#8220; module_alignment=&#8220;left&#8220; custom_margin=&#8220;||||false|false&#8220; custom_margin_tablet=&#8220;40px||10px||false|false&#8220; custom_margin_phone=&#8220;40px||10px||false|false&#8220; custom_margin_last_edited=&#8220;on|phone&#8220; custom_padding=&#8220;||||false|false&#8220; custom_padding_tablet=&#8220;||||false|false&#8220; custom_padding_phone=&#8220;||||false|false&#8220; custom_padding_last_edited=&#8220;on|tablet&#8220; link_text_color_last_edited=&#8220;off|desktop&#8220; header_font_size_tablet=&#8220;44px&#8220; header_font_size_phone=&#8220;28px&#8220; header_font_size_last_edited=&#8220;on|desktop&#8220; header_line_height_tablet=&#8220;1.3em&#8220; header_line_height_phone=&#8220;1.3em&#8220; header_line_height_last_edited=&#8220;on|desktop&#8220; header_2_font_size_tablet=&#8220;44px&#8220; header_2_font_size_phone=&#8220;28px&#8220; header_2_font_size_last_edited=&#8220;on|phone&#8220; global_colors_info=&#8220;{}&#8220; link_text_color__hover_enabled=&#8220;on|hover&#8220; link_text_color__hover=&#8220;#00AE9F&#8220;]<\/p>\n<h2>Kontakt zu diagnostischen Bereichen<\/h2>\n<p>Unsere \u00c4rzte und \u00c4rztinnen f\u00fcr die einzelnen Bereiche k\u00f6nnen Sie auch direkt kontaktieren:<\/p>\n<p>[\/et_pb_text][\/et_pb_column][et_pb_column type=&#8220;2_3&#8243; specialty_columns=&#8220;2&#8243; _builder_version=&#8220;4.16&#8243; custom_padding=&#8220;|||&#8220; global_colors_info=&#8220;{}&#8220; custom_padding__hover=&#8220;|||&#8220;][et_pb_row_inner column_structure=&#8220;1_2,1_2&#8243; use_custom_gutter=&#8220;on&#8220; gutter_width=&#8220;1&#8243; make_equal=&#8220;on&#8220; admin_label=&#8220;Zeile Dr. Nico Kremers&#8220; _builder_version=&#8220;4.19.5&#8243; _module_preset=&#8220;default&#8220; global_colors_info=&#8220;{}&#8220;][et_pb_column_inner type=&#8220;1_2&#8243; saved_specialty_column_type=&#8220;2_3&#8243; _builder_version=&#8220;4.19.5&#8243; _module_preset=&#8220;default&#8220; global_colors_info=&#8220;{}&#8220;][dvmd_image_box image_url=&#8220;https:\/\/www.ibid-radiologie.de\/cms\/wp-content\/uploads\/2024\/09\/IBID-Portrait-Outdoor-600&#215;700-Dr-Nico-Kremers.jpg&#8220; image_box_height=&#8220;fixed&#8220; text_position=&#8220;right&#8220; title_source=&#8220;custom&#8220; title_custom=&#8220;Dr. Nico Kremers&#8220; caption_source=&#8220;custom&#8220; caption_custom=&#8220;Schwerpunkt-Fachbereiche: Neuroradiologie&#8220; atts_title=&#8220;Dr. med. Nico Kremers&#8220; atts_alt=&#8220;Dr. med. Nico Kremers&#8220; admin_label=&#8220;Image Box \/ Dr. Nico Kremers&#8220; _builder_version=&#8220;4.27.2&#8243; _module_preset=&#8220;default&#8220; global_colors_info=&#8220;{}&#8220;][\/dvmd_image_box][\/et_pb_column_inner][et_pb_column_inner type=&#8220;1_2&#8243; saved_specialty_column_type=&#8220;2_3&#8243; _builder_version=&#8220;4.19.5&#8243; _module_preset=&#8220;default&#8220; global_colors_info=&#8220;{}&#8220;][et_pb_contact_form admin_label=&#8220;Kontaktformular Kremers&#8220; _builder_version=&#8220;4.27.2&#8243; _module_preset=&#8220;default&#8220; _unique_id=&#8220;77b90cad-8673-4f63-bfd6-027e9891386d&#8220; hover_enabled=&#8220;0&#8243; global_colors_info=&#8220;{}&#8220; sticky_enabled=&#8220;0&#8243;][et_pb_contact_field field_id=&#8220;Name&#8220; field_title=&#8220;Name&#8220; _builder_version=&#8220;4.16&#8243; global_colors_info=&#8220;{}&#8220; button_text_size__hover_enabled=&#8220;off&#8220; button_one_text_size__hover_enabled=&#8220;off&#8220; button_two_text_size__hover_enabled=&#8220;off&#8220; button_text_color__hover_enabled=&#8220;off&#8220; button_one_text_color__hover_enabled=&#8220;off&#8220; button_two_text_color__hover_enabled=&#8220;off&#8220; button_border_width__hover_enabled=&#8220;off&#8220; button_one_border_width__hover_enabled=&#8220;off&#8220; button_two_border_width__hover_enabled=&#8220;off&#8220; button_border_color__hover_enabled=&#8220;off&#8220; button_one_border_color__hover_enabled=&#8220;off&#8220; button_two_border_color__hover_enabled=&#8220;off&#8220; button_border_radius__hover_enabled=&#8220;off&#8220; button_one_border_radius__hover_enabled=&#8220;off&#8220; button_two_border_radius__hover_enabled=&#8220;off&#8220; button_letter_spacing__hover_enabled=&#8220;off&#8220; button_one_letter_spacing__hover_enabled=&#8220;off&#8220; button_two_letter_spacing__hover_enabled=&#8220;off&#8220; button_bg_color__hover_enabled=&#8220;off&#8220; button_one_bg_color__hover_enabled=&#8220;off&#8220; button_two_bg_color__hover_enabled=&#8220;off&#8220;][\/et_pb_contact_field][et_pb_contact_field field_id=&#8220;Email&#8220; field_title=&#8220;E-Mail-Adresse&#8220; field_type=&#8220;email&#8220; _builder_version=&#8220;4.16&#8243; global_colors_info=&#8220;{}&#8220; button_text_size__hover_enabled=&#8220;off&#8220; button_one_text_size__hover_enabled=&#8220;off&#8220; button_two_text_size__hover_enabled=&#8220;off&#8220; button_text_color__hover_enabled=&#8220;off&#8220; button_one_text_color__hover_enabled=&#8220;off&#8220; button_two_text_color__hover_enabled=&#8220;off&#8220; button_border_width__hover_enabled=&#8220;off&#8220; button_one_border_width__hover_enabled=&#8220;off&#8220; button_two_border_width__hover_enabled=&#8220;off&#8220; button_border_color__hover_enabled=&#8220;off&#8220; button_one_border_color__hover_enabled=&#8220;off&#8220; button_two_border_color__hover_enabled=&#8220;off&#8220; button_border_radius__hover_enabled=&#8220;off&#8220; button_one_border_radius__hover_enabled=&#8220;off&#8220; button_two_border_radius__hover_enabled=&#8220;off&#8220; button_letter_spacing__hover_enabled=&#8220;off&#8220; button_one_letter_spacing__hover_enabled=&#8220;off&#8220; button_two_letter_spacing__hover_enabled=&#8220;off&#8220; button_bg_color__hover_enabled=&#8220;off&#8220; button_one_bg_color__hover_enabled=&#8220;off&#8220; button_two_bg_color__hover_enabled=&#8220;off&#8220;][\/et_pb_contact_field][et_pb_contact_field field_id=&#8220;Message&#8220; field_title=&#8220;Nachricht&#8220; field_type=&#8220;text&#8220; fullwidth_field=&#8220;on&#8220; _builder_version=&#8220;4.16&#8243; global_colors_info=&#8220;{}&#8220; button_text_size__hover_enabled=&#8220;off&#8220; button_one_text_size__hover_enabled=&#8220;off&#8220; button_two_text_size__hover_enabled=&#8220;off&#8220; button_text_color__hover_enabled=&#8220;off&#8220; button_one_text_color__hover_enabled=&#8220;off&#8220; button_two_text_color__hover_enabled=&#8220;off&#8220; button_border_width__hover_enabled=&#8220;off&#8220; button_one_border_width__hover_enabled=&#8220;off&#8220; button_two_border_width__hover_enabled=&#8220;off&#8220; button_border_color__hover_enabled=&#8220;off&#8220; button_one_border_color__hover_enabled=&#8220;off&#8220; button_two_border_color__hover_enabled=&#8220;off&#8220; button_border_radius__hover_enabled=&#8220;off&#8220; button_one_border_radius__hover_enabled=&#8220;off&#8220; button_two_border_radius__hover_enabled=&#8220;off&#8220; button_letter_spacing__hover_enabled=&#8220;off&#8220; button_one_letter_spacing__hover_enabled=&#8220;off&#8220; button_two_letter_spacing__hover_enabled=&#8220;off&#8220; button_bg_color__hover_enabled=&#8220;off&#8220; button_one_bg_color__hover_enabled=&#8220;off&#8220; button_two_bg_color__hover_enabled=&#8220;off&#8220;][\/et_pb_contact_field][\/et_pb_contact_form][\/et_pb_column_inner][\/et_pb_row_inner][\/et_pb_column][\/et_pb_section]<\/p>\n","protected":false},"excerpt":{"rendered":"<p>Kontakt zu diagnostischen Bereichen Unsere \u00c4rzte und \u00c4rztinnen f\u00fcr die einzelnen Bereiche k\u00f6nnen Sie auch direkt kontaktieren:<div class=\"et_pb_module dvmd_image_box dvmd_image_box_0 dvmd_ib_version_2_0_0\">\n\t\t\t\t\n\t\t\t\t\n\t\t\t\t\n\t\t\t\t\n\t\t\t\t\n\t\t\t\t\n\t\t\t\t<div class=\"et_pb_module_inner\">\n\t\t\t\t\t<div class=\"dvmd_ib_image\"><span role=\"figure\" aria-label=\"Dr. Nico Kremers\" aria-description=\"Schwerpunkt-Fachbereiche: Neuroradiologie\" class=\"dvmd_ib_image_wrap\"><img decoding=\"async\" src=\"https:\/\/www.ibid-radiologie.de\/cms\/wp-content\/uploads\/2024\/09\/IBID-Portrait-Outdoor-600x700-Dr-Nico-Kremers.jpg\" title=\"Dr. med. Nico Kremers\" alt=\"Dr. med. Nico Kremers\" srcset=\"https:\/\/www.ibid-radiologie.de\/cms\/wp-content\/uploads\/2024\/09\/IBID-Portrait-Outdoor-600x700-Dr-Nico-Kremers.jpg 600w, https:\/\/www.ibid-radiologie.de\/cms\/wp-content\/uploads\/2024\/09\/IBID-Portrait-Outdoor-600x700-Dr-Nico-Kremers-480x560.jpg 480w\" sizes=\"(min-width: 0px) and (max-width: 480px) 480px, (min-width: 481px) 600px, 100vw\" \/><\/span><\/div><div class=\"dvmd_ib_text\"><h3 id=\"title\" class=\"dvmd_ib_title\">Dr. Nico Kremers<\/h3><p id=\"caption\" class=\"dvmd_ib_caption\">Schwerpunkt-Fachbereiche: Neuroradiologie<\/p><\/div>\n\t\t\t\t<\/div>\n\t\t\t<\/div><\/p>\n","protected":false},"author":1,"featured_media":0,"parent":162,"menu_order":0,"comment_status":"closed","ping_status":"closed","template":"","meta":{"_seopress_robots_primary_cat":"","_seopress_titles_title":"","_seopress_titles_desc":"","_seopress_robots_index":"","_et_pb_use_builder":"on","_et_pb_old_content":"","_et_gb_content_width":"","footnotes":""},"class_list":["post-4100","page","type-page","status-publish","hentry"],"_links":{"self":[{"href":"https:\/\/www.ibid-radiologie.de\/cms\/wp-json\/wp\/v2\/pages\/4100","targetHints":{"allow":["GET"]}}],"collection":[{"href":"https:\/\/www.ibid-radiologie.de\/cms\/wp-json\/wp\/v2\/pages"}],"about":[{"href":"https:\/\/www.ibid-radiologie.de\/cms\/wp-json\/wp\/v2\/types\/page"}],"author":[{"embeddable":true,"href":"https:\/\/www.ibid-radiologie.de\/cms\/wp-json\/wp\/v2\/users\/1"}],"replies":[{"embeddable":true,"href":"https:\/\/www.ibid-radiologie.de\/cms\/wp-json\/wp\/v2\/comments?post=4100"}],"version-history":[{"count":0,"href":"https:\/\/www.ibid-radiologie.de\/cms\/wp-json\/wp\/v2\/pages\/4100\/revisions"}],"up":[{"embeddable":true,"href":"https:\/\/www.ibid-radiologie.de\/cms\/wp-json\/wp\/v2\/pages\/162"}],"wp:attachment":[{"href":"https:\/\/www.ibid-radiologie.de\/cms\/wp-json\/wp\/v2\/media?parent=4100"}],"curies":[{"name":"wp","href":"https:\/\/api.w.org\/{rel}","templated":true}]}}