{"id":14769,"date":"2026-02-25T08:06:29","date_gmt":"2026-02-25T07:06:29","guid":{"rendered":"https:\/\/www.ibid-radiologie.de\/cms\/terminbuchung\/"},"modified":"2026-02-25T08:17:08","modified_gmt":"2026-02-25T07:17:08","slug":"terminbuchung","status":"publish","type":"page","link":"https:\/\/www.ibid-radiologie.de\/cms\/terminbuchung\/","title":{"rendered":"Terminbuchung"},"content":{"rendered":"<p>[et_pb_section fb_built=&#8220;1&#8243; disabled_on=&#8220;on|off|off&#8220; admin_label=&#8220;Sektion (NUR DESKTOP UND TABLET)&#8220; _builder_version=&#8220;4.19.5&#8243; _module_preset=&#8220;default&#8220; custom_margin=&#8220;||0px||false|false&#8220; custom_padding=&#8220;||10px||false|false&#8220; global_colors_info=&#8220;{}&#8220;][et_pb_row column_structure=&#8220;1_3,2_3&#8243; use_custom_gutter=&#8220;on&#8220; gutter_width=&#8220;1&#8243; admin_label=&#8220;Zeile (NUR DESKTOP UND TABLET)&#8220; _builder_version=&#8220;4.19.5&#8243; _module_preset=&#8220;default&#8220; global_colors_info=&#8220;{}&#8220;][et_pb_column type=&#8220;1_3&#8243; _builder_version=&#8220;4.19.5&#8243; _module_preset=&#8220;default&#8220; global_colors_info=&#8220;{}&#8220;][et_pb_text disabled_on=&#8220;off|off|off&#8220; admin_label=&#8220;Headline \/ H1 \/ H6&#8243; _builder_version=&#8220;4.27.5&#8243; text_font=&#8220;||||||||&#8220; link_font=&#8220;Montserrat|700|||||||&#8220; link_text_color=&#8220;#fa546d&#8220; link_font_size=&#8220;22px&#8220; link_line_height=&#8220;1.5em&#8220; header_font=&#8220;|600|||||||&#8220; header_text_color=&#8220;#00ae9f&#8220; header_font_size=&#8220;44px&#8220; header_line_height=&#8220;1.4em&#8220; header_2_font=&#8220;|600|||||||&#8220; header_2_text_color=&#8220;#00ae9f&#8220; header_2_font_size=&#8220;44px&#8220; header_2_line_height=&#8220;1.4em&#8220; header_6_font=&#8220;|600||on|||||&#8220; header_6_text_color=&#8220;#85c742&#8243; header_6_font_size=&#8220;16px&#8220; header_6_letter_spacing=&#8220;2px&#8220; header_6_line_height=&#8220;1.5em&#8220; module_alignment=&#8220;left&#8220; custom_margin=&#8220;||||false|false&#8220; custom_margin_tablet=&#8220;40px||10px||false|false&#8220; custom_margin_phone=&#8220;&#8220; custom_margin_last_edited=&#8220;on|phone&#8220; custom_padding=&#8220;||||false|false&#8220; custom_padding_tablet=&#8220;||||false|false&#8220; custom_padding_phone=&#8220;&#8220; custom_padding_last_edited=&#8220;on|tablet&#8220; hover_enabled=&#8220;0&#8243; header_font_size_tablet=&#8220;&#8220; header_font_size_phone=&#8220;28px&#8220; header_font_size_last_edited=&#8220;on|desktop&#8220; header_line_height_tablet=&#8220;&#8220; header_line_height_phone=&#8220;&#8220; header_line_height_last_edited=&#8220;on|desktop&#8220; header_2_font_size_tablet=&#8220;&#8220; header_2_font_size_phone=&#8220;28px&#8220; header_2_font_size_last_edited=&#8220;on|phone&#8220; locked=&#8220;off&#8220; global_colors_info=&#8220;{}&#8220; sticky_enabled=&#8220;0&#8243;]<\/p>\n<h6>W\u00e4hlen Sie Ihren Termin<\/h6>\n<h1>Online-Terminbuchung f\u00fcr Patienten<\/h1>\n<p>[\/et_pb_text][et_pb_text disabled_on=&#8220;off|off|off&#8220; admin_label=&#8220;Text \/ Einleitung + Hinweis R\u00f6ntgen&#8220; _builder_version=&#8220;4.27.5&#8243; _module_preset=&#8220;default&#8220; link_font=&#8220;||||on||||&#8220; link_text_color=&#8220;#939393&#8243; custom_margin=&#8220;||||false|false&#8220; custom_padding=&#8220;|10px|20px||false|false&#8220; hover_enabled=&#8220;0&#8243; global_colors_info=&#8220;{}&#8220; link_text_color__hover_enabled=&#8220;on|hover&#8220; link_text_color__hover=&#8220;#00AE9F&#8220; sticky_enabled=&#8220;0&#8243;]<\/p>\n<p>Auf dieser Seite haben Sie die M\u00f6glichkeit, Ihren Termin f\u00fcr folgende Untersuchungen direkt auszuw\u00e4hlen und verbindlich zu buchen.<\/p>\n<p><strong>F\u00fcr klassische R\u00f6ntgen-Termine ist keine vorherige Terminvereinbarung notwendig.<\/strong> Bitte kommen Sie in der Zeit zwischen 8.30 Uhr und 16.00 Uhr direkt an unsere Anmeldung im Diakonie-Krankenhaus.<\/p>\n<p>[\/et_pb_text][et_pb_text disabled_on=&#8220;off|off|off&#8220; admin_label=&#8220;Text \/ Einleitung + Link AlternativTerminanfrage&#8220; _builder_version=&#8220;4.27.5&#8243; _module_preset=&#8220;default&#8220; link_font=&#8220;||||on||||&#8220; link_text_color=&#8220;#939393&#8243; custom_padding=&#8220;|10px|20px||false|false&#8220; hover_enabled=&#8220;0&#8243; global_colors_info=&#8220;{}&#8220; link_text_color__hover_enabled=&#8220;on|hover&#8220; link_text_color__hover=&#8220;#00AE9F&#8220; sticky_enabled=&#8220;0&#8243;]<\/p>\n<p><strong>Hinweis:<\/strong><br \/>Sollten Sie Ihre Untersuchung nicht finden, benutzen Sie bitte unser <a href=\"https:\/\/www.ibid-radiologie.de\/cms\/terminbuchung\/terminanfrage-alternativ\/\"><strong>alternatives Formular zur Terminanfrage<\/strong><\/a>, oder rufen Sie uns an.<\/p>\n<p>[\/et_pb_text][et_pb_divider color=&#8220;#85C742&#8243; disabled_on=&#8220;on|off|on&#8220; admin_label=&#8220;Teiler &#8211; Trennlinie (NUR TABLET)&#8220; _builder_version=&#8220;4.19.5&#8243; _module_preset=&#8220;default&#8220; custom_margin=&#8220;30px||30px||false|false&#8220; global_colors_info=&#8220;{}&#8220;][\/et_pb_divider][\/et_pb_column][et_pb_column type=&#8220;2_3&#8243; _builder_version=&#8220;4.19.5&#8243; _module_preset=&#8220;default&#8220; global_colors_info=&#8220;{}&#8220;][et_pb_code admin_label=&#8220;Code \/ Medavis booking4med (Patient)&#8220; _builder_version=&#8220;4.19.5&#8243; _module_preset=&#8220;default&#8220; global_module=&#8220;3920&#8243; saved_tabs=&#8220;all&#8220; global_colors_info=&#8220;{}&#8220;]<iframe loading=\"lazy\" src=\"https:\/\/connect.booking4med.de\/b4m-patient\/searchStage?customerCodeMapping=71afab25691947d99ee2dbf459df25b6\" width=\"100%\"  height=\"650\" marginwidth=\"0\" marginheight=\"0\" scrolling=\"yes\" frameborder=\"0\" style=\"width: 100%; height: 650px;margin: 0;padding: 0; border: 0;overflow-x:hidden;overflow-y: scroll; max-width:100%;\"><!-- [et_pb_line_break_holder] --><!-- Your booking4med patient portal iframe was embedded at 2023-01-26T12:46:47.029, version is 5.17.5.2--><!-- [et_pb_line_break_holder] -->Your browser can not display embedded frames.Please use the following link to make an appointment:<!-- [et_pb_line_break_holder] --><a href=\"https:\/\/connect.booking4med.de\/b4m-patient\/searchStage?customerCodeMapping=71afab25691947d99ee2dbf459df25b6\">Go to online appointment booking<\/a><!-- [et_pb_line_break_holder] --><\/iframe>[\/et_pb_code][\/et_pb_column][\/et_pb_row][\/et_pb_section][et_pb_section fb_built=&#8220;1&#8243; disabled_on=&#8220;off|on|on&#8220; admin_label=&#8220;Sektion (NUR PHONE)&#8220; _builder_version=&#8220;4.19.5&#8243; _module_preset=&#8220;default&#8220; custom_margin=&#8220;||0px||false|false&#8220; custom_padding=&#8220;||10px||false|false&#8220; global_colors_info=&#8220;{}&#8220;][et_pb_row admin_label=&#8220;Zeile (NUR PHONE)&#8220; _builder_version=&#8220;4.19.5&#8243; _module_preset=&#8220;default&#8220; width=&#8220;100%&#8220; max_width=&#8220;100%&#8220; global_colors_info=&#8220;{}&#8220;][et_pb_column type=&#8220;4_4&#8243; _builder_version=&#8220;4.19.5&#8243; _module_preset=&#8220;default&#8220; global_colors_info=&#8220;{}&#8220;][et_pb_code admin_label=&#8220;Code \/ Medavis booking4med (Patient)&#8220; _builder_version=&#8220;4.19.5&#8243; _module_preset=&#8220;default&#8220; global_module=&#8220;3920&#8243; saved_tabs=&#8220;all&#8220; global_colors_info=&#8220;{}&#8220;]<iframe loading=\"lazy\" src=\"https:\/\/connect.booking4med.de\/b4m-patient\/searchStage?customerCodeMapping=71afab25691947d99ee2dbf459df25b6\" width=\"100%\"  height=\"650\" marginwidth=\"0\" marginheight=\"0\" scrolling=\"yes\" frameborder=\"0\" style=\"width: 100%; height: 650px;margin: 0;padding: 0; border: 0;overflow-x:hidden;overflow-y: scroll; max-width:100%;\"><!-- [et_pb_line_break_holder] --><!-- Your booking4med patient portal iframe was embedded at 2023-01-26T12:46:47.029, version is 5.17.5.2--><!-- [et_pb_line_break_holder] -->Your browser can not display embedded frames.Please use the following link to make an appointment:<!-- [et_pb_line_break_holder] --><a href=\"https:\/\/connect.booking4med.de\/b4m-patient\/searchStage?customerCodeMapping=71afab25691947d99ee2dbf459df25b6\">Go to online appointment booking<\/a><!-- [et_pb_line_break_holder] --><\/iframe>[\/et_pb_code][\/et_pb_column][\/et_pb_row][et_pb_row admin_label=&#8220;Zeile (NUR PHONE)&#8220; _builder_version=&#8220;4.27.5&#8243; _module_preset=&#8220;default&#8220; global_colors_info=&#8220;{}&#8220;][et_pb_column type=&#8220;4_4&#8243; _builder_version=&#8220;4.27.5&#8243; _module_preset=&#8220;default&#8220; global_colors_info=&#8220;{}&#8220;][et_pb_button button_url=&#8220;@ET-DC@eyJkeW5hbWljIjp0cnVlLCJjb250ZW50IjoicG9zdF9saW5rX3VybF9wYWdlIiwic2V0dGluZ3MiOnsicG9zdF9pZCI6IjE0NzcyIn19@&#8220; button_text=&#8220;ZUR ALTERNATIVEN ANMELDUNG&#8220; disabled_on=&#8220;off|on|on&#8220; admin_label=&#8220;Button \/ zur alternativen Terminanfrage (NUR PHONE)&#8220; _builder_version=&#8220;4.27.5&#8243; _dynamic_attributes=&#8220;button_url&#8220; custom_button=&#8220;on&#8220; button_text_size=&#8220;16px&#8220; button_text_color=&#8220;#ffffff&#8220; button_bg_color=&#8220;rgba(0,174,159,0.65)&#8220; button_border_width=&#8220;6px&#8220; button_border_color=&#8220;rgba(0,0,0,0)&#8220; button_border_radius=&#8220;100px&#8220; button_letter_spacing=&#8220;1px&#8220; button_font=&#8220;|700|||||||&#8220; button_icon=&#8220;&#x24;||divi||400&#8243; background_layout=&#8220;dark&#8220; custom_margin=&#8220;30px||30px||false|false&#8220; custom_margin_tablet=&#8220;40px||||false|false&#8220; custom_margin_phone=&#8220;||||false|false&#8220; custom_margin_last_edited=&#8220;off|desktop&#8220; custom_padding=&#8220;||||false|false&#8220; hover_enabled=&#8220;0&#8243; box_shadow_style=&#8220;preset3&#8243; button_border_radius_hover=&#8220;100px&#8220; button_bg_color_hover=&#8220;#ff6b86&#8243; locked=&#8220;off&#8220; global_colors_info=&#8220;{}&#8220; button_text_size__hover_enabled=&#8220;off&#8220; button_one_text_size__hover_enabled=&#8220;off&#8220; button_two_text_size__hover_enabled=&#8220;off&#8220; button_text_color__hover_enabled=&#8220;off&#8220; button_one_text_color__hover_enabled=&#8220;off&#8220; button_two_text_color__hover_enabled=&#8220;off&#8220; button_border_width__hover_enabled=&#8220;off&#8220; button_one_border_width__hover_enabled=&#8220;off&#8220; button_two_border_width__hover_enabled=&#8220;off&#8220; button_border_color__hover_enabled=&#8220;off&#8220; button_one_border_color__hover_enabled=&#8220;off&#8220; button_two_border_color__hover_enabled=&#8220;off&#8220; button_border_radius__hover_enabled=&#8220;on&#8220; button_border_radius__hover=&#8220;100px&#8220; button_one_border_radius__hover_enabled=&#8220;off&#8220; button_two_border_radius__hover_enabled=&#8220;off&#8220; button_letter_spacing__hover_enabled=&#8220;off&#8220; button_one_letter_spacing__hover_enabled=&#8220;off&#8220; button_two_letter_spacing__hover_enabled=&#8220;off&#8220; button_bg_color__hover_enabled=&#8220;on|hover&#8220; button_bg_color__hover=&#8220;#85c742&#8243; button_one_bg_color__hover_enabled=&#8220;off&#8220; button_two_bg_color__hover_enabled=&#8220;off&#8220; button_bg_enable_color__hover=&#8220;on&#8220; sticky_enabled=&#8220;0&#8243;][\/et_pb_button][\/et_pb_column][\/et_pb_row][\/et_pb_section][et_pb_section fb_built=&#8220;1&#8243; _builder_version=&#8220;4.19.5&#8243; _module_preset=&#8220;default&#8220; custom_margin=&#8220;0px||||false|false&#8220; custom_padding=&#8220;10px||||false|false&#8220; global_colors_info=&#8220;{}&#8220;][et_pb_row column_structure=&#8220;1_3,2_3&#8243; use_custom_gutter=&#8220;on&#8220; gutter_width=&#8220;2&#8243; _builder_version=&#8220;4.19.5&#8243; _module_preset=&#8220;default&#8220; width_tablet=&#8220;&#8220; width_phone=&#8220;90%&#8220; width_last_edited=&#8220;on|desktop&#8220; global_colors_info=&#8220;{}&#8220;][et_pb_column type=&#8220;1_3&#8243; _builder_version=&#8220;4.19.5&#8243; _module_preset=&#8220;default&#8220; global_colors_info=&#8220;{}&#8220;][\/et_pb_column][et_pb_column type=&#8220;2_3&#8243; _builder_version=&#8220;4.19.5&#8243; _module_preset=&#8220;default&#8220; global_colors_info=&#8220;{}&#8220;][et_pb_text admin_label=&#8220;Headline \/ Erkl\u00e4rungen zum Formular&#8220; _builder_version=&#8220;4.19.5&#8243; _module_preset=&#8220;default&#8220; header_3_font=&#8220;|600||on|||||&#8220; header_3_text_color=&#8220;#00AE9F&#8220; header_3_font_size=&#8220;18px&#8220; global_colors_info=&#8220;{}&#8220;]<\/p>\n<h3>Erkl\u00e4rungen zum Termin-Formular<\/h3>\n<p>[\/et_pb_text][et_pb_accordion open_toggle_text_color=&#8220;#00AE9F&#8220; closed_toggle_text_color=&#8220;#96D8D0&#8243; admin_label=&#8220;Akkordeon \/ Erkl\u00e4rungen zum Formular&#8220; _builder_version=&#8220;4.27.5&#8243; _module_preset=&#8220;default&#8220; toggle_text_color=&#8220;#00AE9F&#8220; toggle_font=&#8220;|700|||||||&#8220; toggle_font_size=&#8220;18px&#8220; closed_toggle_font=&#8220;|700|||||||&#8220; closed_toggle_font_size=&#8220;18px&#8220; body_font_size=&#8220;90%&#8220; body_line_height=&#8220;1.3em&#8220; db_closeable=&#8220;on&#8220; db_initial_state=&#8220;all_closed&#8220; global_colors_info=&#8220;{}&#8220; closed_toggle_text_color__hover_enabled=&#8220;off|desktop&#8220; closed_toggle_text_color__hover=&#8220;#00AE9F&#8220;][et_pb_accordion_item title=&#8220;\u00dcbertragen der Inhalte des \u00dcberweisungsscheins&#8220; open=&#8220;on&#8220; _builder_version=&#8220;4.19.5&#8243; _module_preset=&#8220;default&#8220; body_ol_position=&#8220;outside&#8220; body_ol_item_indent=&#8220;15px&#8220; custom_margin=&#8220;5px|0px|5px|0px|false|false&#8220; custom_padding=&#8220;10px|10px|10px|10px|false|false&#8220; global_colors_info=&#8220;{}&#8220; closed_toggle_text_color__hover=&#8220;#00AE9F&#8220; closed_toggle_text_color__hover_enabled=&#8220;on|hover&#8220;]<\/p>\n<p>Patientinnen und Patienten mit Versicherung \u00fcber die gesetzliche Krankenkasse bitten wir, den Inhalt des \u00dcberweisungsscheins zu \u00fcbermitteln. Hierzu haben Sie folgende zwei M\u00f6glichkeiten:<\/p>\n<ol>\n<li>Scannen oder fotografieren Sie den \u00dcberweisungsschein und speichern Sie die Bilddatei im Format PDF, JPG oder PNG. W\u00e4hlen Sie die Bilddatei mit dem entsprechenden Formularfeld aus.<\/li>\n<li>Sollten Sie keine M\u00f6glichkeit zum Scannen oder Abfotografieren haben, k\u00f6nnen Sie den Inhalt des \u00dcberweisungsscheins in das entsprechende Textfeld eintragen.<\/li>\n<\/ol>\n<p>Bitte bringen Sie Ihren \u00dcberweisungsschein auch zur Untersuchung mit.<\/p>\n<p>&nbsp;<\/p>\n<p>[\/et_pb_accordion_item][et_pb_accordion_item title=&#8220;Verfizierung und Sicherheitscode per SMS auf Ihr Handy&#8220; _builder_version=&#8220;4.19.5&#8243; _module_preset=&#8220;default&#8220; body_ol_position=&#8220;outside&#8220; body_ol_item_indent=&#8220;15px&#8220; custom_margin=&#8220;5px|0px|5px|0px|false|false&#8220; custom_padding=&#8220;10px|10px|10px|10px|false|false&#8220; global_colors_info=&#8220;{}&#8220; closed_toggle_text_color__hover=&#8220;#00AE9F&#8220; closed_toggle_text_color__hover_enabled=&#8220;on|hover&#8220; open=&#8220;off&#8220;]<\/p>\n<p>Aus Gr\u00fcnden der Sicherheit und zur Verifizierung Ihrer Buchung erhalten Sie w\u00e4hrend des Buchungsprozesses einen <strong>Verifizierungscode via SMS<\/strong>. Dieser ist dann im entsprechenden Formularfeld einzuf\u00fcgen.<\/p>\n<p>Ohne diesen SMS-Code ist eine Buchung \u00fcber das Formular nicht m\u00f6glich. <strong>Bitte halten Sie daher Ihr Handy bzw. Mobiltelefon bereit.<\/strong><\/p>\n<p>Sollten Sie kein Mobiltelefon besitzen, k\u00f6nnen Sie auch eine klassische Terminanfrage \u00fcber unser <a href=\"https:\/\/www.ibid-radiologie.de\/cms\/kontakt\/\"><strong>Standardformular<\/strong><\/a> absenden. Hier ist jedoch keine eigene, direkte Terminauswahl m\u00f6glich.<\/p>\n<p>[\/et_pb_accordion_item][et_pb_accordion_item title=&#8220;Terminbest\u00e4tigung per E-Mail oder SMS auf Ihr Handy&#8220; _builder_version=&#8220;4.19.5&#8243; _module_preset=&#8220;default&#8220; body_ol_position=&#8220;outside&#8220; body_ol_item_indent=&#8220;15px&#8220; custom_margin=&#8220;5px|0px|5px|0px|false|false&#8220; custom_padding=&#8220;10px|10px|10px|10px|false|false&#8220; global_colors_info=&#8220;{}&#8220; closed_toggle_text_color__hover=&#8220;#00AE9F&#8220; closed_toggle_text_color__hover_enabled=&#8220;on|hover&#8220; open=&#8220;off&#8220;]<\/p>\n<p>Wir senden Ihnen nach der Terminbuchung per E-Mail oder SMS eine Terminbest\u00e4tigung.<br \/>Einen bis drei Tage vor dem Termin \u00fcbersenden wir Ihnen eine Erinnerungsnachricht.<br \/>Sollte sich eine \u00c4nderung des Termins ergeben, informieren wir Sie hier\u00fcber per E-Mail oder SMS.<br \/>Mit Ihrer Einwilligung senden wir Ihnen (optional) eine Nachricht nach Ihrem Termin zu mit der Bitte, unsere Leistung zu bewerten.<\/p>\n<p>[\/et_pb_accordion_item][et_pb_accordion_item title=&#8220;Gr\u00fcnde f\u00fcr den Ausschluss von direkten Terminbuchungen&#8220; _builder_version=&#8220;4.19.5&#8243; _module_preset=&#8220;default&#8220; body_ol_position=&#8220;outside&#8220; body_ol_item_indent=&#8220;15px&#8220; custom_margin=&#8220;5px|0px|5px|0px|false|false&#8220; custom_padding=&#8220;10px|10px|10px|10px|false|false&#8220; global_colors_info=&#8220;{}&#8220; closed_toggle_text_color__hover=&#8220;#00AE9F&#8220; closed_toggle_text_color__hover_enabled=&#8220;on|hover&#8220; open=&#8220;off&#8220;]<\/p>\n<p>F\u00fcr manche Untersuchungen k\u00f6nnen Termine nicht direkt gebucht werden.<br \/>Gr\u00fcnde hierf\u00fcr sind u.a.:<\/p>\n<ul>\n<li>Immobilit\u00e4t (z.B. Rollstuhl)<\/li>\n<li>Wenn Ihr K\u00f6rpergewicht h\u00f6her als 120 kg ist<\/li>\n<li>Bei MRT-Untersuchungen: (elektronische) Implantate<br \/>( z.B. Herzschrittmacher, Eventrecorder, Innenohrimplantate, Brust-Expander)<\/li>\n<li>Bei MRT-Untersuchungen: Platzangst<\/li>\n<\/ul>\n<p>In diesen F\u00e4llen m\u00fcssen wir vorher Kontakt mit Ihnen aufnehmen. Sollte eine direkte Terminbuchung nicht m\u00f6glich sein, bitten wir Sie, unser <strong><a href=\"https:\/\/www.ibid-radiologie.de\/cms\/kontakt\/\">allgemeines Anfrageformular<\/a><\/strong> zu benutzen. Wir melden uns dann schnellstm\u00f6glich bei Ihnen, um das weitere Vorgehen mit Ihnen besprechen zu k\u00f6nnen.<\/p>\n<p>[\/et_pb_accordion_item][et_pb_accordion_item title=&#8220;Einbindung der BuchungsApp booking4med&#8220; _builder_version=&#8220;4.27.0&#8243; _module_preset=&#8220;default&#8220; body_ol_position=&#8220;outside&#8220; body_ol_item_indent=&#8220;15px&#8220; body_link_font=&#8220;||||on||||&#8220; custom_margin=&#8220;5px|0px|5px|0px|false|false&#8220; custom_padding=&#8220;10px|10px|10px|10px|false|false&#8220; global_colors_info=&#8220;{}&#8220; closed_toggle_text_color__hover=&#8220;#00AE9F&#8220; closed_toggle_text_color__hover_enabled=&#8220;on|hover&#8220; open=&#8220;off&#8220;]<\/p>\n<p>Wir benutzen externe Technologien unseres medizinischen Technologiepartners Medavis GmbH, Bannwaldallee 60, 76185 Karlsruhe, Deutschland. Details zur Datenschutz\u00aderkl\u00e4rung der Medavis GmbH k\u00f6nnen Sie nachlesen unter: <a href=\"https:\/\/www.medavis.de\/datenschutzerklaerung\/\" target=\"_blank\" rel=\"noopener\">www.medavis.de\/datenschutzerklaerung<\/a>. Die Medavis GmbH ist als Auftragsverarbeiter f\u00fcr uns t\u00e4tig und darf nach Art. 28 DSGVO die Daten nur nach unseren Weisungen und nicht f\u00fcr eigenen Zwecke verarbeiten.<\/p>\n<p>Zur Terminverwaltung setzen wir die Praxissoftware \u201ebooking4med\u201c der Medavis GmbH ein. Medavis bietet uns einerseits ein Kalendersystem und andererseits Patienten die M\u00f6glichkeit, \u00fcber unsere Webseite und der Web-Applikation &#8222;booking4med&#8220; mit uns Termine online zu vereinbaren. Zur Verifizierung Ihrer Buchung erhalten Sie w\u00e4hrend des Buchungsprozesses einen Verifizierungscode via SMS, welchen Sie eingeben m\u00fcssen. S\u00e4mtliche Daten werden dabei verschl\u00fcsselt \u00fcbertragen und sind nur f\u00fcr die Dauer des Buchungsvorgangs vorhanden; Sobald Ihr Termin best\u00e4tigt wird oder die Buchung abgebrochen wird, werden die Daten gel\u00f6scht.<\/p>\n<p>Wir senden Ihnen nach der Terminbuchung per E-Mail oder SMS eine Terminbest\u00e4tigung. Einen bis drei Tage vor dem Termin \u00fcbersenden wir Ihnen eine Erinnerungsnachricht. Sollte sich eine \u00c4nderung des Termins ergeben, informieren wir Sie hier\u00fcber per E-Mail oder SMS. Mit Ihrer Einwilligung senden wir Ihnen (optional) eine Nachricht nach Ihrem Termin zu mit der Bitte, unsere Leistung zu bewerten.<\/p>\n<p>F\u00fcr die Terminvereinbarung werden folgende Daten durch Medavis verarbeitet:<\/p>\n<ul>\n<li>Kontaktdaten<\/li>\n<li>Geburtsdatum<\/li>\n<li>Krankenkassenstatus<\/li>\n<li>\u00fcberweisender Arzt<\/li>\n<li>Besuchsgrund<\/li>\n<\/ul>\n<p>Ihre Daten werden f\u00fcr die Zwecke der Terminverwaltung erfasst. Rechtsgrundlage f\u00fcr die Verarbeitung Ihrer Daten sind Art. 6 Abs. 1 lit. b) DSGVO (die Zwecke der Gesundheitsvorsorge, medizinische Diagnostik, Behandlungsvertrag), \u00a7 22 Abs. 1 Nr. 1 a) BDSG), und Art. 6 Abs. 1 lit. a) DSGVO (Einwilligung f\u00fcr Terminerinnerungen per SMS und E-Mail).<\/p>\n<p>Es erfolgt keine Weiterleitung der Daten durch Medavis an kommerzielle Anbieter. Medavis ist genau wie Ihr Arzt an die strafrechtliche Schweigepflicht gebunden. Eine Entbindung von der Schweigepflicht ist nicht erforderlich.<\/p>\n<p>&nbsp;<\/p>\n<p>[\/et_pb_accordion_item][\/et_pb_accordion][\/et_pb_column][\/et_pb_row][\/et_pb_section]<\/p>\n","protected":false},"excerpt":{"rendered":"<p>W\u00e4hlen Sie Ihren Termin Online-Terminbuchung f\u00fcr PatientenAuf dieser Seite haben Sie die M\u00f6glichkeit, Ihren Termin f\u00fcr folgende Untersuchungen direkt auszuw\u00e4hlen und verbindlich zu buchen. F\u00fcr klassische R\u00f6ntgen-Termine ist keine vorherige Terminvereinbarung notwendig. Bitte kommen Sie in der Zeit zwischen 8.30 Uhr und 16.00 Uhr direkt an unsere Anmeldung im Diakonie-Krankenhaus.Hinweis:Sollten Sie Ihre Untersuchung nicht finden, benutzen Sie bitte unser alternatives Formular zur Terminanfrage, oder rufen Sie uns an.Erkl\u00e4rungen zum Termin-FormularPatientinnen und Patienten mit Versicherung \u00fcber die gesetzliche Krankenkasse bitten wir, den Inhalt des \u00dcberweisungsscheins zu \u00fcbermitteln. Hierzu haben Sie folgende zwei M\u00f6glichkeiten: Scannen oder fotografieren Sie den \u00dcberweisungsschein und speichern Sie die Bilddatei im Format PDF, JPG oder PNG. W\u00e4hlen Sie die Bilddatei mit dem entsprechenden Formularfeld aus. Sollten Sie keine M\u00f6glichkeit zum Scannen oder Abfotografieren haben, k\u00f6nnen Sie den Inhalt des \u00dcberweisungsscheins in das entsprechende Textfeld eintragen. Bitte bringen Sie Ihren \u00dcberweisungsschein auch zur Untersuchung mit. &nbsp;Aus Gr\u00fcnden der Sicherheit und zur Verifizierung Ihrer Buchung erhalten Sie w\u00e4hrend des Buchungsprozesses einen Verifizierungscode via SMS. Dieser ist dann im entsprechenden Formularfeld einzuf\u00fcgen. Ohne diesen SMS-Code ist eine Buchung \u00fcber das Formular nicht m\u00f6glich. Bitte halten Sie daher Ihr Handy bzw. Mobiltelefon bereit. Sollten Sie kein Mobiltelefon besitzen, k\u00f6nnen Sie auch [&hellip;]<\/p>\n","protected":false},"author":1,"featured_media":0,"parent":0,"menu_order":914,"comment_status":"closed","ping_status":"closed","template":"","meta":{"_seopress_robots_primary_cat":"","_seopress_titles_title":"","_seopress_titles_desc":"","_seopress_robots_index":"","_et_pb_use_builder":"on","_et_pb_old_content":"","_et_gb_content_width":"","footnotes":""},"class_list":["post-14769","page","type-page","status-publish","hentry"],"_links":{"self":[{"href":"https:\/\/www.ibid-radiologie.de\/cms\/wp-json\/wp\/v2\/pages\/14769","targetHints":{"allow":["GET"]}}],"collection":[{"href":"https:\/\/www.ibid-radiologie.de\/cms\/wp-json\/wp\/v2\/pages"}],"about":[{"href":"https:\/\/www.ibid-radiologie.de\/cms\/wp-json\/wp\/v2\/types\/page"}],"author":[{"embeddable":true,"href":"https:\/\/www.ibid-radiologie.de\/cms\/wp-json\/wp\/v2\/users\/1"}],"replies":[{"embeddable":true,"href":"https:\/\/www.ibid-radiologie.de\/cms\/wp-json\/wp\/v2\/comments?post=14769"}],"version-history":[{"count":3,"href":"https:\/\/www.ibid-radiologie.de\/cms\/wp-json\/wp\/v2\/pages\/14769\/revisions"}],"predecessor-version":[{"id":14779,"href":"https:\/\/www.ibid-radiologie.de\/cms\/wp-json\/wp\/v2\/pages\/14769\/revisions\/14779"}],"wp:attachment":[{"href":"https:\/\/www.ibid-radiologie.de\/cms\/wp-json\/wp\/v2\/media?parent=14769"}],"curies":[{"name":"wp","href":"https:\/\/api.w.org\/{rel}","templated":true}]}}